{"id":923,"date":"2019-05-08T19:37:59","date_gmt":"2019-05-08T17:37:59","guid":{"rendered":"http:\/\/www.nanny.lv\/?page_id=923"},"modified":"2026-02-22T20:52:02","modified_gmt":"2026-02-22T18:52:02","slug":"front-page-nanny-care","status":"publish","type":"page","link":"https:\/\/www.nanny.lv\/","title":{"rendered":"front page nanny care"},"content":{"rendered":"<div style=\"text-align: center;\">\n<p lang=\"zxx\">NANNY CARE kazas piena mais\u012bjumiem- bezmaksas pieg\u0101de pirkumiem no 80 EUR<\/p>\n<p lang=\"zxx\"><strong>\u00a0<\/strong>NANNY CARE kazas piena mais\u012bjumiem-\u00a0bezmaksas\u00a0pieg\u0101de jebkuram pirkumam(ar\u012b 1 bund\u017eai) pas\u016bt\u012bjuma dien\u0101 \u00a0R\u012bg\u0101.<\/p>\n<\/div>\n<div style=\"text-align: center;\"><\/div>\n<div style=\"text-align: center;\"><hr \/><\/div>\n<div style=\"text-align: center;\">\u00a0<\/div>\n<div>\n<div class=\"gdc_row\"><div class=\"gdc_column gdc_cthird\"><div class=\"gdc_inner\"><br \/><img loading=\"lazy\" class=\"\" src=\"http:\/\/www.nanny.lv\/wp-content\/uploads\/2019\/05\/KAZAS-PIENS-NANNY-CARE.jpg\" width=\"495\" height=\"330\" \/><br \/><\/div><\/div><div class=\"gdc_column gdc_cthird\"><div class=\"gdc_inner\"><\/p>\n<h3>LV<\/h3>\n<p>Kazas piena maisijumi NANNY care tiek ra\u017eoti pa\u0161\u0101 ekolo\u0123iski t\u012br\u0101kaj\u0101 m\u016bsu plan\u0113tas re\u0123ion\u0101 \u2013 Jaunz\u0113land\u0113. M\u0113s izmantojam vismodern\u0101k\u0101s iek\u0101rtas un d\u0101rg\u0101s tehnolo\u0123ijas, lai garant\u0113tu m\u016bsu produkcijas viss augst\u0101ko kvalit\u0101ti.<\/p>\n<p><a href=\"https:\/\/www.nanny.lv\/?page_id=35\">Kazas piena priek\u0161roc\u012bbas<\/a><br \/><\/div><\/div><div class=\"gdc_column gdc_cthird\"><div class=\"gdc_inner\"><\/p>\n<h3>RU<\/h3>\n<p><span class=\"sentence sentence-3-0 hover\"><span class=\"phrase phrase-3-0-1-2-3-4-5-6-7-8-9-10-11-12-13-14-15-16-17-18-19-0-1-2-3-4-5-6-7-8-9-10-11-12-13-14-15-16-17-18-19 hover\"><span class=\"word word-3-0-0 hover\">\u041a\u043e\u0437\u0435\u0432\u044b\u0435<\/span>\u00a0<span class=\"word word-3-1-1\">\u043c\u043e\u043b\u043e\u0447\u043d\u044b\u0435<\/span>\u00a0<span class=\"word word-3-2-2\">\u0441\u043c\u0435\u0441\u0438\u00a0<\/span><\/span><\/span>\u041d\u042d\u041d\u041d\u0418 care<span class=\"sentence sentence-3-0 hover\"><span class=\"phrase phrase-3-0-1-2-3-4-5-6-7-8-9-10-11-12-13-14-15-16-17-18-19-0-1-2-3-4-5-6-7-8-9-10-11-12-13-14-15-16-17-18-19 hover\">\u00a0<span class=\"word word-3-8-7 word-3-9-7 word-3-10-7\">\u043f\u0440\u043e\u0438\u0437\u0432\u043e\u0434\u044f\u0442\u0441\u044f<\/span>\u00a0<span class=\"word word-3-11-8 sibling-3-11-9\">\u0432<\/span><span class=\"word word-3-11-9 sibling-3-11-8\">\u0441\u0430\u043c\u043e\u043c<\/span>\u00a0<span class=\"word word-3-12-10\">\u044d\u043a\u043e\u043b\u043e\u0433\u0438\u0447\u0435\u0441\u043a\u0438<\/span>\u00a0<span class=\"word word-3-13-11\">\u0447\u0438\u0441\u0442\u043e\u043c<\/span>\u00a0<span class=\"word word-3-16-12\">\u0440\u0435\u0433\u0438\u043e\u043d\u0435<\/span>\u00a0<span class=\"word word-3-14-13\">\u043d\u0430\u0448\u0435\u0439<\/span>\u00a0<span class=\"word word-3-15-14\">\u043f\u043b\u0430\u043d\u0435\u0442\u044b<\/span>\u00a0<span class=\"word word-3-17-15\">\u2013<\/span>\u00a0<span class=\"word word-3-18-16 sibling-3-18-17 sibling-3-18-18\">\u0432<\/span>\u00a0<span class=\"word word-3-18-17 sibling-3-18-16 sibling-3-18-18\">\u041d\u043e\u0432\u043e\u0439<\/span><span class=\"word word-3-18-18 sibling-3-18-16 sibling-3-18-17\">\u0417\u0435\u043b\u0430\u043d\u0434\u0438\u0438<\/span><span class=\"word word-3-19-19\">.<\/span><\/span><\/span>\u00a0\u041d\u042d\u041d\u041d\u0418 care<span class=\"sentence sentence-3-1\"><span class=\"phrase phrase-3-20-21-22-23-24-25-26-27-28-29-30-31-32-33-34-35-20-21-22-23-24-25-26-27-28-29-30-31-32-33-34-35\">\u00a0<span class=\"word word-3-22-22\">\u0438\u0441\u043f\u043e\u043b\u044c\u0437\u0443\u0435\u0442<\/span>\u00a0<span class=\"word word-3-23-23 sibling-3-23-24\">\u0441\u0430\u043c\u044b\u0435<\/span>\u00a0<span class=\"word word-3-23-24 sibling-3-23-23\">\u0441\u043e\u0432\u0440\u0435\u043c\u0435\u043d\u043d\u044b\u0435<\/span>\u00a0<span class=\"word word-3-25-26\">\u0438<\/span>\u00a0<span class=\"word word-3-26-27\">\u0434\u043e\u0440\u043e\u0433\u0438\u0435<\/span>\u00a0<span class=\"word word-3-27-28\">\u0442\u0435\u0445\u043d\u043e\u043b\u043e\u0433\u0438\u0438<\/span><span class=\"word word-3-28-29\">,<\/span>\u00a0<span class=\"word word-3-29-30\">\u0447\u0442\u043e\u0431\u044b<\/span>\u00a0<span class=\"word word-3-30-31\">\u0433\u0430\u0440\u0430\u043d\u0442\u0438\u0440\u043e\u0432\u0430\u0442\u044c\u00a0<\/span><span class=\"word word-3-33-32\">\u0432\u044b\u0441\u043e\u043a\u043e\u0435<\/span>\u00a0<span class=\"word word-3-34-33\">\u043a\u0430\u0447\u0435\u0441\u0442\u0432\u043e<\/span>\u00a0<span class=\"word word-3-31-34 word-3-32-34\">\u043f\u0440\u043e\u0434\u0443\u043a\u0446\u0438\u0438<\/span><span class=\"word word-3-35-35\">.<\/span><\/span><\/span><br \/><\/div><\/div><\/div>\n<hr \/>\n<div class=\"gdc_row\"><div class=\"gdc_column gdc_cthird\"><div class=\"gdc_inner\"><\/p>\n<h3>LV<\/h3>\n<p>NANNY care mais\u012bjumi tiek izgatavoti no dab\u012bga t\u012bra kazas piena un nesatur \u0123en\u0113tiski modific\u0113tus komponentus, dematerializ\u0113tu piena serumu, p\u0101rtikas piedevas un konservantus. NANNY care mais\u012bjumi ir unik\u0101ls kalcija un fosfora avots, kas ir vit\u0101li nepiecie\u0161ams augo\u0161am organismam, turkl\u0101t kalcijs atrodas viegli sajaucam\u0101 veid\u0101.<\/p>\n<p><a href=\"http:\/\/www.nanny.lv\/?page_id=4\">P\u0113rc Nanny Care produkciju\u00a0online<\/a><br \/><\/div><\/div><div class=\"gdc_column gdc_cthird\"><div class=\"gdc_inner\"><\/p>\n<h3>RU<\/h3>\n<p><span class=\"sentence sentence-4-0 hover\"><span class=\"phrase phrase-4-0-1-2-3-4-5-6-7-8-9-10-11-12-13-14-15-16-17-18-19-20-21-22-23-24-0-1-2-3-4-5-6-7-8-9-10-11-12-13-14-15-16-17-18-19-20-21-22-23-24 hover\"><span class=\"word word-4-2-0 hover\">\u0421\u043c\u0435\u0441\u0438<\/span>\u00a0\u041d\u042d\u041d\u041d\u0418 care\u00a0<span class=\"word word-4-3-3 word-4-4-3\">\u0438\u0437\u0433\u043e\u0442\u043e\u0432\u043b\u044f\u044e\u0442\u0441\u044f<\/span>\u00a0<span class=\"word word-4-5-4\">\u0438\u0437<\/span>\u00a0<span class=\"word word-4-6-5\">\u043d\u0430\u0442\u0443\u0440\u0430\u043b\u044c\u043d\u043e\u0433\u043e<\/span>\u00a0<span class=\"word word-4-7-6\">\u0447\u0438\u0441\u0442\u043e\u0433\u043e<\/span><span class=\"word word-4-8-7\">\u043a\u043e\u0437\u044c\u0435\u0433\u043e<\/span>\u00a0<span class=\"word word-4-9-8\">\u043c\u043e\u043b\u043e\u043a\u0430<\/span>\u00a0<span class=\"word word-4-10-9\">\u0438<\/span>\u00a0<span class=\"word word-4-11-10 sibling-4-11-11\">\u043d\u0435<\/span>\u00a0<span class=\"word word-4-11-11 sibling-4-11-10\">\u0441\u043e\u0434\u0435\u0440\u0436\u0430\u0442<\/span>\u00a0<span class=\"word word-4-12-12\">\u0433\u0435\u043d\u0435\u0442\u0438\u0447\u0435\u0441\u043a\u0438<\/span>\u00a0<span class=\"word word-4-13-13\">\u043c\u043e\u0434\u0438\u0444\u0438\u0446\u0438\u0440\u043e\u0432\u0430\u043d\u043d\u044b\u0445\u00a0<\/span><span class=\"word word-4-14-14\">\u043a\u043e\u043c\u043f\u043e\u043d\u0435\u043d\u0442\u043e\u0432<\/span><span class=\"word word-4-15-15\">,<\/span>\u00a0<span class=\"word word-4-16-16\">\u0434\u0435\u043c\u0430\u0442\u0435\u0440\u0438\u0430\u043b\u0438\u0437\u043e\u0432\u0430\u043d\u043d\u044b\u0445<\/span>\u00a0<span class=\"word word-4-17-17\">\u043c\u043e\u043b\u043e\u0447\u043d\u044b\u0445<\/span>\u00a0<span class=\"word word-4-18-18\">\u0441\u044b\u0432\u043e\u0440\u043e\u0442\u043e\u043a<\/span><span class=\"word word-4-19-19\">,\u00a0<\/span><span class=\"word word-4-20-20\">\u043f\u0438\u0449\u0435\u0432\u044b\u0445<\/span>\u00a0<span class=\"word word-4-21-21\">\u0434\u043e\u0431\u0430\u0432\u043e\u043a<\/span>\u00a0<span class=\"word word-4-22-22\">\u0438<\/span>\u00a0<span class=\"word word-4-23-23\">\u043a\u043e\u043d\u0441\u0435\u0440\u0432\u0430\u043d\u0442\u043e\u0432<\/span><span class=\"word word-4-24-24\">.<\/span><\/span><\/span>\u00a0<span class=\"sentence sentence-4-1\"><span class=\"phrase phrase-4-25-26-27-28-29-30-31-32-33-34-35-36-37-38-39-40-41-42-43-44-45-46-47-48-25-26-27-28-29-30-31-32-33-34-35-36-37-38-39-40-41-42-43-44-45-46-47-48-49-50\"><span class=\"word word-4-27-25\">\u0421\u043c\u0435\u0441\u0438<\/span>\u00a0<span class=\"word word-4-28-28\">\u044f\u0432\u043b\u044f\u044e\u0442\u0441\u044f<\/span>\u00a0<span class=\"word word-4-29-29\">\u0443\u043d\u0438\u043a\u0430\u043b\u044c\u043d\u044b\u043c<\/span>\u00a0\u00a0<span class=\"word word-4-33-32\">\u0438\u0441\u0442\u043e\u0447\u043d\u0438\u043a\u043e\u043c<\/span>\u00a0<span class=\"word word-4-32-33\">\u0444\u043e\u0441\u0444\u043e\u0440\u0430\u00a0\u0438\u00a0\u043a\u0430\u043b\u044c\u0446\u0438\u0435\u0439\u00a0<\/span><span class=\"word word-4-34-34\">,<\/span><span class=\"word word-4-35-35\">\u043a\u043e\u0442\u043e\u0440\u044b\u0439<\/span>\u00a0<span class=\"word word-4-36-36\">\u044f\u0432\u043b\u044f\u0435\u0442\u0441\u044f<\/span>\u00a0<span class=\"word word-4-37-37\">\u0436\u0438\u0437\u043d\u0435\u043d\u043d\u043e<\/span>\u00a0<span class=\"word word-4-38-38\">\u043d\u0435\u043e\u0431\u0445\u043e\u0434\u0438\u043c\u044b\u043c<\/span>\u00a0<span class=\"word word-4-39-39 sibling-4-39-40\">\u0434\u043b\u044f<\/span>\u00a0<span class=\"word word-4-39-40 sibling-4-39-39\">\u0440\u0430\u0441\u0442\u0443\u0449\u0435\u0433\u043e\u00a0<\/span><span class=\"word word-4-40-41\">\u043e\u0440\u0433\u0430\u043d\u0438\u0437\u043c\u0430<\/span><span class=\"word word-4-41-42\">,<\/span>\u00a0<span class=\"word word-4-42-43\">\u043f\u0440\u0438\u0447\u0435\u043c<\/span>\u00a0<span class=\"word word-4-43-44\">\u043a\u0430\u043b\u044c\u0446\u0438\u0439<\/span>\u00a0<span class=\"word word-4-44-45\">\u043d\u0430\u0445\u043e\u0434\u0438\u0442\u0441\u044f<\/span>\u00a0<span class=\"word word-4-45-46 sibling-4-45-47\">\u0432<\/span>\u00a0<span class=\"word word-4-45-47 sibling-4-45-46\">\u043b\u0435\u0433\u043a\u043e<\/span>\u00a0<span class=\"word word-4-46-48\">\u0440\u0430\u0437\u0431\u043e\u0440\u0447\u0438\u0432\u043e\u043c\u00a0<\/span><span class=\"word word-4-47-49\">\u0432\u0438\u0434\u0435<\/span><span class=\"word word-4-48-50\">.<\/span><\/span><\/span><\/p>\n<p><a href=\"http:\/\/www.nanny.lv\/?page_id=4\"><span class=\"word word-6-0-0 hover\">\u041f\u0440\u043e\u0434\u0430\u0436\u0430<\/span>\u00a0\u041d\u042d\u041d\u041d\u0418 care\u00a0 o<span class=\"word word-6-4-4\">nline<\/span><\/a><br \/><\/div><\/div><div class=\"gdc_column gdc_cthird\"><div class=\"gdc_inner\"><\/p>\n<\/div>\n<p><img loading=\"lazy\" class=\"\" src=\"http:\/\/www.nanny.lv\/wp-content\/uploads\/2019\/05\/B%C4%92RNS-NANNY-CARE.jpg\" width=\"443\" height=\"299\" \/><\/p>\n<div>\n<p><\/div><\/div><\/div>\n<\/div>\n<hr \/>\n<div>\n<h3>LV<\/h3>\n<\/div>\n<div>\n<p>NANNYcare kazas piena maisijumi tiek izgatavoti no svaiga kazas piena, lai saglab\u0101tu p\u0113c iesp\u0113jas vair\u0101k dab\u012bgo komponentu un p\u0101rnestu \u0161\u012bs v\u0113rt\u012bg\u0101s sast\u0101vda\u013cas piena maisijum\u0101, NANNY care kazas piena maisijumi labi gsar\u0161o un tie pat\u012bk mazu\u013ciem, tie viegli \u0161\u0137\u012bst \u016bden\u012b kas ir izstabas temperat\u016br\u0101 un saglab\u0101 visas dab\u012bg\u0101s un v\u0113rt\u012bg\u0101s bar\u012bbas vielas, no NANNY care mais\u012bjumiem var pagatavot zupi\u0146as, putras un bieze\u0146us.<\/p>\n<h3>RU<\/h3>\n<p lang=\"zxx\">\u0421\u043c\u0435\u0441\u0438 \u041d\u042d\u041d\u041d\u0418 \u0438\u043c\u0435\u044e\u0442 \u043d\u0435\u0436\u043d\u044b\u0439 \u0441\u043b\u0438\u0432\u043e\u0447\u043d\u044b\u0439 \u0432\u043a\u0443\u0441 \u0446\u0435\u043b\u044c\u043d\u043e\u0433\u043e \u043c\u043e\u043b\u043e\u043a\u0430, \u043a\u043e\u0442\u043e\u0440\u044b\u0439 \u043d\u0440\u0430\u0432\u0438\u0442\u0441\u044f \u043c\u0430\u043b\u044b\u0448\u0430\u043c. \u041e\u043d\u0438 \u043b\u0435\u0433\u043a\u043e \u0440\u0430\u0441\u0442\u0432\u043e\u0440\u044f\u044e\u0442\u0441\u044f \u0432 \u043a\u0438\u043f\u044f\u0447\u0435\u043d\u043e\u0439 \u0432\u043e\u0434\u0435 \u043a\u043e\u043c\u043d\u0430\u0442\u043d\u043e\u0439 \u0442\u0435\u043c\u043f\u0435\u0440\u0430\u0442\u0443\u0440\u044b, \u0447\u0442\u043e \u043e\u0447\u0435\u043d\u044c \u0432\u0430\u0436\u043d\u043e, \u0442\u0430\u043a \u043a\u0430\u043a \u043f\u0440\u0438 \u044d\u0442\u043e\u043c \u0432 \u043d\u0438\u0445 \u0441\u043e\u0445\u0440\u0430\u043d\u044f\u044e\u0442\u0441\u044f \u0432\u0441\u0435 \u043f\u0435\u043d\u043d\u044b\u0435 \u043f\u0438\u0442\u0430\u0442\u0435\u043b\u044c\u043d\u044b\u0435 \u0432\u0435\u0448\u0435\u0441\u0442\u0432\u0430. \u041d\u0430 \u043e\u0441\u043d\u043e\u0432\u0435 \u044d\u0442\u0438\u0445 \u0441\u043c\u0435\u0441\u0435\u0439 \u043c\u043e\u0436\u043d\u043e \u043f\u0440\u0438\u0433\u043e\u0442\u043e\u0432\u0438\u0442\u044c \u0440\u0430\u0437\u043b\u0438\u0447\u043d\u044b\u0435 \u0441\u0443\u043f\u0447\u0438\u043a\u0438, \u043a\u0430\u0448\u043a\u0438, \u0442\u0432\u043e\u0440\u043e\u0436\u043a\u0438.<\/p>\n<p>Mais\u012bjumi \u00a0Nanny care ir pieejami\u00a0\u00a0<a href=\"https:\/\/www.rimi.lv\/veikali\" target=\"_blank\" rel=\"noopener noreferrer\">RIMI t\u012bkla veikalos<\/a><\/p>\n<hr \/><\/div>\n<p style=\"text-align: center;\">Konsult\u0101cijas un jaut\u0101jumi par NANNYcare \u00a0<a href=\"skype:ivars29555?chat\">on-line re\u017e\u012bm\u0101 caur Skype<\/a>\u00a0vai pa telefonu:\u00a0<a href=\"tel:+37127006766\">+37127006766<\/a><\/p>\n<p style=\"text-align: center;\">\u041f\u043e \u0432\u043e\u043f\u0440\u043e\u0441\u0430\u043c \u043e\u043f\u0442\u043e\u0432\u043e\u0439 \u0438 \u0440\u043e\u0437\u043d\u0438\u0447\u043d\u043e\u0439 \u0442\u043e\u0440\u0433\u043e\u0432\u043b\u0438 \u041c\u043e\u043b\u043e\u0447\u043d\u044b\u0435 \u0441\u043c\u0435\u0441\u0438 \u041d\u042d\u041d\u041d\u0418<\/p>\n<p lang=\"zxx\" style=\"text-align: center;\">\u0430 \u0442\u0430\u043a\u0436\u0435 \u043f\u043e \u043a\u0430\u043a\u0438\u043c-\u043b\u0438\u0431\u043e \u0434\u0440\u0443\u0433\u0438\u043c \u0432\u043e\u043f\u0440\u043e\u0441\u0430\u043c \u0437\u0432\u043e\u043d\u0438\u0442\u044c \u043f\u043e \u0442\u0435\u043b\u0435\u0444\u043e\u043d\u0443\u00a0<a href=\"tel:+37127006766\">+37127006766<\/a><\/p>\n<p lang=\"zxx\" style=\"text-align: center;\">\u0414\u043e\u0441\u0442\u0430\u0432\u043a\u0430 \u0442\u0430\u043a\u0436\u0435 \u0432 \u042d\u0441\u0442\u043e\u043d\u0438\u0438,\u041b\u0438\u0442\u0432\u0435,\u0420\u043e\u0441\u0441\u0438\u044e<\/p>\n<p lang=\"zxx\" style=\"text-align: center;\">E-mail: partnerlink@inbox.lv<\/p>\n<div>\n<p><img loading=\"lazy\" class=\"aligncenter wp-image-10270 size-full\" src=\"https:\/\/www.nanny.lv\/wp-content\/uploads\/2026\/02\/nlogo.jpg\" alt=\"\" width=\"274\" height=\"70\" srcset=\"https:\/\/www.nanny.lv\/wp-content\/uploads\/2026\/02\/nlogo.jpg 274w, https:\/\/www.nanny.lv\/wp-content\/uploads\/2026\/02\/nlogo-96x25.jpg 96w, https:\/\/www.nanny.lv\/wp-content\/uploads\/2026\/02\/nlogo-38x10.jpg 38w, https:\/\/www.nanny.lv\/wp-content\/uploads\/2026\/02\/nlogo-128x33.jpg 128w, https:\/\/www.nanny.lv\/wp-content\/uploads\/2026\/02\/nlogo-24x6.jpg 24w, https:\/\/www.nanny.lv\/wp-content\/uploads\/2026\/02\/nlogo-36x9.jpg 36w, https:\/\/www.nanny.lv\/wp-content\/uploads\/2026\/02\/nlogo-48x12.jpg 48w\" sizes=\"(max-width: 274px) 100vw, 274px\" \/><\/p>\n<\/div>\n\n\n<p><a href=\"https:\/\/www.nanny.lv\/\">View Page<\/a><\/p>\n","protected":false},"excerpt":{"rendered":"<p>NANNY CARE kazas piena mais\u012bjumiem- bezmaksas pieg\u0101de pirkumiem no 80 EUR \u00a0NANNY CARE kazas piena mais\u012bjumiem-\u00a0bezmaksas\u00a0pieg\u0101de jebkuram pirkumam(ar\u012b 1 bund\u017eai) pas\u016bt\u012bjuma dien\u0101 \u00a0R\u012bg\u0101. \u00a0 LV NANNYcare kazas piena maisijumi tiek izgatavoti no svaiga kazas piena, lai saglab\u0101tu p\u0113c iesp\u0113jas vair\u0101k dab\u012bgo komponentu un p\u0101rnestu \u0161\u012bs v\u0113rt\u012bg\u0101s sast\u0101vda\u013cas piena maisijum\u0101, NANNY care kazas piena maisijumi labi &hellip;<\/p>\n<p class=\"read-more\"> <a class=\"\" href=\"https:\/\/www.nanny.lv\/\"> <span class=\"screen-reader-text\">front page nanny care<\/span> Read More &raquo;<\/a><\/p>\n","protected":false},"author":6,"featured_media":0,"parent":0,"menu_order":0,"comment_status":"closed","ping_status":"closed","template":"","meta":[],"_links":{"self":[{"href":"https:\/\/www.nanny.lv\/index.php?rest_route=\/wp\/v2\/pages\/923"}],"collection":[{"href":"https:\/\/www.nanny.lv\/index.php?rest_route=\/wp\/v2\/pages"}],"about":[{"href":"https:\/\/www.nanny.lv\/index.php?rest_route=\/wp\/v2\/types\/page"}],"author":[{"embeddable":true,"href":"https:\/\/www.nanny.lv\/index.php?rest_route=\/wp\/v2\/users\/6"}],"replies":[{"embeddable":true,"href":"https:\/\/www.nanny.lv\/index.php?rest_route=%2Fwp%2Fv2%2Fcomments&post=923"}],"version-history":[{"count":18,"href":"https:\/\/www.nanny.lv\/index.php?rest_route=\/wp\/v2\/pages\/923\/revisions"}],"predecessor-version":[{"id":10272,"href":"https:\/\/www.nanny.lv\/index.php?rest_route=\/wp\/v2\/pages\/923\/revisions\/10272"}],"wp:attachment":[{"href":"https:\/\/www.nanny.lv\/index.php?rest_route=%2Fwp%2Fv2%2Fmedia&parent=923"}],"curies":[{"name":"wp","href":"https:\/\/api.w.org\/{rel}","templated":true}]}}